{"id":150,"date":"2019-08-14T16:41:22","date_gmt":"2019-08-14T16:41:22","guid":{"rendered":"http:\/\/www.tulemukaan.com\/index.php\/home\/"},"modified":"2022-03-25T15:25:17","modified_gmt":"2022-03-25T15:25:17","slug":"home","status":"publish","type":"page","link":"http:\/\/www.tulemukaan.com\/index.php\/home\/","title":{"rendered":"Home"},"content":{"rendered":"<div class=\"content-layout layout-item-0\">\n<div class=\"content-layout-row\">\n<div class=\"layout-cell layout-item-1\" style=\"width: 100%;\">\n<p class=\"p0\" style=\"margin-bottom: 0pt; margin-top: 0pt;\"><strong style=\"box-sizing: inherit; font-weight: bolder; color: #111111; font-family: NonBreakingSpaceOverride, 'Hoefler Text', 'Baskerville Old Face', Garamond, 'Times New Roman', serif; font-size: 22px; text-align: start; background-color: #ffffff;\">Tule Mukaan ry<\/strong><span style=\"color: #111111; font-family: NonBreakingSpaceOverride, 'Hoefler Text', 'Baskerville Old Face', Garamond, 'Times New Roman', serif; font-size: 22px; font-weight: 400; text-align: start; background-color: #ffffff;\">\u00a0on toiminut ep\u00e4virallinen 2010 l\u00e4htien. Yhdistys toimii s\u00e4\u00e4nt\u00f6jens\u00e4 mukaisesti maahanmuuttajataustaisten lasten, nuorten ja aikuisten yhteiskunnallisen osallisuuden edist\u00e4miseksi. Osallistumme my\u00f6s kehitysyhteisty\u00f6h\u00f6n ja rauhaty\u00f6h\u00f6n Somaliassa. <\/span>J\u00e4rjest\u00f6n j\u00e4senet ovat 2013 l\u00e4htien yll\u00e4pit\u00e4neet UM<br \/>\ntuella rakennettu Baled-Hawossa sijaitsevan Waaberin peruskoulua, jossa toimii, my\u00f6s sairaanhoitokeskus. J\u00e4rjest\u00f6ll\u00e4 on my\u00f6s, k\u00e4ytett\u00e4viss\u00e4\u00e4n Suomen Somalia-verkoston<br \/>\nmonipuolista kokemusta. Suomen Somalia-verkosto<br \/>\nkonsultoi Tule Mukaan ry hyvien k\u00e4yt\u00e4nt\u00f6jen<br \/>\nlevitt\u00e4misess\u00e4 ja yhteisty\u00f6kumppanien hankinnassa.<br \/>\nTule Mukaan ry j\u00e4senist\u00f6ss\u00e4 on paljon eri alojen<br \/>\nammattilaisia, joiden tietotaitoa hy\u00f6dynnet\u00e4\u00e4n<br \/>\nhankkeen suunnittelussa ja toteutuksessa.<br \/>\nSuunittelemme my\u00f6s muiden j\u00e4rjest\u00f6jen kanssa<br \/>\nyhteishankkeita<\/p>\n<\/div>\n<\/div>\n<\/div>\n<div class=\"content-layout layout-item-0\">\n<div class=\"content-layout-row\">\n<div class=\"layout-cell layout-item-1\" style=\"width: 100%;\"><\/div>\n<\/div>\n<\/div>\n","protected":false},"excerpt":{"rendered":"<p>Tule Mukaan ry\u00a0on toiminut ep\u00e4virallinen 2010 l\u00e4htien. Yhdistys toimii s\u00e4\u00e4nt\u00f6jens\u00e4 mukaisesti maahanmuuttajataustaisten lasten, nuorten ja aikuisten yhteiskunnallisen osallisuuden edist\u00e4miseksi. Osallistumme my\u00f6s kehitysyhteisty\u00f6h\u00f6n ja rauhaty\u00f6h\u00f6n Somaliassa. J\u00e4rjest\u00f6n j\u00e4senet ovat 2013 l\u00e4htien yll\u00e4pit\u00e4neet UM tuella rakennettu Baled-Hawossa sijaitsevan Waaberin peruskoulua, jossa toimii, my\u00f6s sairaanhoitokeskus. J\u00e4rjest\u00f6ll\u00e4 on my\u00f6s, k\u00e4ytett\u00e4viss\u00e4\u00e4n Suomen Somalia-verkoston monipuolista kokemusta. Suomen Somalia-verkosto konsultoi Tule Mukaan<\/p><\/div>\n<div class=\"blog-btn\"><a href=\"http:\/\/www.tulemukaan.com\/index.php\/home\/\" class=\"home-blog-btn\">Lue lis\u00e4\u00e4<\/a><\/p>\n","protected":false},"author":1,"featured_media":0,"parent":0,"menu_order":1,"comment_status":"closed","ping_status":"closed","template":"","meta":{"footnotes":""},"class_list":["post-150","page","type-page","status-publish","hentry"],"_links":{"self":[{"href":"http:\/\/www.tulemukaan.com\/index.php\/wp-json\/wp\/v2\/pages\/150","targetHints":{"allow":["GET"]}}],"collection":[{"href":"http:\/\/www.tulemukaan.com\/index.php\/wp-json\/wp\/v2\/pages"}],"about":[{"href":"http:\/\/www.tulemukaan.com\/index.php\/wp-json\/wp\/v2\/types\/page"}],"author":[{"embeddable":true,"href":"http:\/\/www.tulemukaan.com\/index.php\/wp-json\/wp\/v2\/users\/1"}],"replies":[{"embeddable":true,"href":"http:\/\/www.tulemukaan.com\/index.php\/wp-json\/wp\/v2\/comments?post=150"}],"version-history":[{"count":6,"href":"http:\/\/www.tulemukaan.com\/index.php\/wp-json\/wp\/v2\/pages\/150\/revisions"}],"predecessor-version":[{"id":668,"href":"http:\/\/www.tulemukaan.com\/index.php\/wp-json\/wp\/v2\/pages\/150\/revisions\/668"}],"wp:attachment":[{"href":"http:\/\/www.tulemukaan.com\/index.php\/wp-json\/wp\/v2\/media?parent=150"}],"curies":[{"name":"wp","href":"https:\/\/api.w.org\/{rel}","templated":true}]}}